{"id":11,"date":"2025-12-03T01:16:55","date_gmt":"2025-12-03T00:16:55","guid":{"rendered":"https:\/\/www.foerderverein-stida.de\/?page_id=11"},"modified":"2026-02-16T17:42:00","modified_gmt":"2026-02-16T16:42:00","slug":"home","status":"publish","type":"page","link":"https:\/\/www.foerderverein-stida.de\/","title":{"rendered":"Home"},"content":{"rendered":"\t\t<div data-elementor-type=\"wp-post\" data-elementor-id=\"11\" class=\"elementor elementor-11\">\n\t\t\t\t<div class=\"elementor-element elementor-element-86d18dd e-con-full e-flex e-con e-parent\" data-id=\"86d18dd\" data-element_type=\"container\" data-e-type=\"container\" data-settings=\"{&quot;background_background&quot;:&quot;classic&quot;}\">\n\t\t\t\t<div class=\"elementor-element elementor-element-c970238 responsive-heading elementor-widget elementor-widget-heading\" data-id=\"c970238\" data-element_type=\"widget\" data-e-type=\"widget\" data-widget_type=\"heading.default\">\n\t\t\t\t\t<h1 class=\"elementor-heading-title elementor-size-default\"><div><span style=\"font-style: inherit\">F\u00f6rderverein <\/span><span style=\"font-style: inherit\">der Kath.<\/span><br><\/div><div><span style=\"font-style: inherit\">Kindertageseinrichtung <\/span><span style=\"font-style: inherit\">St. Ida<\/span><span style=\"font-family: var( --e-global-typography-0090e13-font-family ), Sans-serif;font-size: var( --e-global-typography-0090e13-font-size );font-style: inherit;font-weight: var( --e-global-typography-0090e13-font-weight );letter-spacing: var( --e-global-typography-0090e13-letter-spacing )\"><\/span><\/div><\/h1>\t\t\t\t<\/div>\n\t\t\t\t<div class=\"elementor-element elementor-element-143a712 elementor-widget elementor-widget-heading\" data-id=\"143a712\" data-element_type=\"widget\" data-e-type=\"widget\" data-widget_type=\"heading.default\">\n\t\t\t\t\t<h2 class=\"elementor-heading-title elementor-size-default\">Ihr Engagement f\u00fcr unseren Kindergarten<\/h2>\t\t\t\t<\/div>\n\t\t\t\t<\/div>\n\t\t<div class=\"elementor-element elementor-element-2df3923 e-flex e-con-boxed e-con e-parent\" data-id=\"2df3923\" data-element_type=\"container\" data-e-type=\"container\">\n\t\t\t\t\t<div class=\"e-con-inner\">\n\t\t<div class=\"elementor-element elementor-element-f0a0836 e-con-full e-flex e-con e-child\" data-id=\"f0a0836\" data-element_type=\"container\" data-e-type=\"container\">\n\t\t\t\t<div class=\"elementor-element elementor-element-c59da85 elementor-widget elementor-widget-heading\" data-id=\"c59da85\" data-element_type=\"widget\" data-e-type=\"widget\" data-widget_type=\"heading.default\">\n\t\t\t\t\t<h2 class=\"elementor-heading-title elementor-size-default\">\u00dcber uns<\/h2>\t\t\t\t<\/div>\n\t\t\t\t<div class=\"elementor-element elementor-element-5838272 elementor-widget elementor-widget-text-editor\" data-id=\"5838272\" data-element_type=\"widget\" data-e-type=\"widget\" data-widget_type=\"text-editor.default\">\n\t\t\t\t\t\t\t\t\t<p>Der F\u00f6rderverein der Katholischen Kindertageseinrichtung St. Ida M\u00fcnster unterst\u00fctzt die Kita St. Ida ideell, materiell und finanziell.<\/p><p>Unser Ziel ist es, Projekte und Anschaffungen zu erm\u00f6glichen, die den Alltag der Kinder bereichern und sonst nicht realisiert werden k\u00f6nnten.<\/p><p><strong>Unsere Schwerpunkte:<\/strong><\/p><ul><li>F\u00f6rderung von Bildung und Erziehung der Kinder<\/li><li><span style=\"font-size: 16px;\">Bereitstellung von Mitteln f\u00fcr p\u00e4dagogische Belange und au\u00dfergew\u00f6hnliche Projekte<\/span><\/li><li><span style=\"font-size: 16px;\">Unterst\u00fctzung der Kita-Aktivit\u00e4ten, besonders in musikalischen, k\u00fcnstlerischen und motorischen Bereichen<\/span><\/li><li><span style=\"font-size: 16px;\">St\u00e4rkung des Gemeinschaftsgef\u00fchls zwischen Einrichtung, Eltern und Kindern<\/span><\/li><li><span style=\"font-size: 16px;\">Unterst\u00fctzung bed\u00fcrftiger Kinder bei Gemeinschaftsveranstaltungen<\/span><\/li><li><span style=\"font-size: 16px;\">Spenden und Mitgliedsbeitr\u00e4ge dienen ausschlie\u00dflich dem Wohl der Kinder und der Kita.<\/span><\/li><\/ul>\t\t\t\t\t\t\t\t<\/div>\n\t\t\t\t<\/div>\n\t\t<div class=\"elementor-element elementor-element-22f0240 e-con-full e-flex e-con e-child\" data-id=\"22f0240\" data-element_type=\"container\" data-e-type=\"container\">\n\t\t\t\t<div class=\"elementor-element elementor-element-f0d285f elementor-widget elementor-widget-image\" data-id=\"f0d285f\" data-element_type=\"widget\" data-e-type=\"widget\" data-widget_type=\"image.default\">\n\t\t\t\t\t\t\t\t\t\t\t\t\t\t\t<img fetchpriority=\"high\" decoding=\"async\" width=\"794\" height=\"1123\" src=\"https:\/\/www.foerderverein-stida.de\/wp-content\/uploads\/2026\/01\/engagement_logo.png\" class=\"attachment-full size-full wp-image-127\" alt=\"\" srcset=\"https:\/\/www.foerderverein-stida.de\/wp-content\/uploads\/2026\/01\/engagement_logo.png 794w, https:\/\/www.foerderverein-stida.de\/wp-content\/uploads\/2026\/01\/engagement_logo-212x300.png 212w, https:\/\/www.foerderverein-stida.de\/wp-content\/uploads\/2026\/01\/engagement_logo-724x1024.png 724w, https:\/\/www.foerderverein-stida.de\/wp-content\/uploads\/2026\/01\/engagement_logo-768x1086.png 768w\" sizes=\"(max-width: 794px) 100vw, 794px\" \/>\t\t\t\t\t\t\t\t\t\t\t\t\t\t\t<\/div>\n\t\t\t\t<\/div>\n\t\t\t\t\t<\/div>\n\t\t\t\t<\/div>\n\t\t<div class=\"elementor-element elementor-element-ddf7169 e-flex e-con-boxed e-con e-parent\" data-id=\"ddf7169\" data-element_type=\"container\" data-e-type=\"container\">\n\t\t\t\t\t<div class=\"e-con-inner\">\n\t\t\t\t<div class=\"elementor-element elementor-element-37bf6b3 elementor-arrows-position-inside elementor-pagination-position-outside elementor-widget elementor-widget-image-carousel\" data-id=\"37bf6b3\" data-element_type=\"widget\" data-e-type=\"widget\" data-settings=\"{&quot;navigation&quot;:&quot;both&quot;,&quot;autoplay&quot;:&quot;yes&quot;,&quot;pause_on_hover&quot;:&quot;yes&quot;,&quot;pause_on_interaction&quot;:&quot;yes&quot;,&quot;autoplay_speed&quot;:5000,&quot;infinite&quot;:&quot;yes&quot;,&quot;speed&quot;:500}\" data-widget_type=\"image-carousel.default\">\n\t\t\t\t\t\t\t<div class=\"elementor-image-carousel-wrapper swiper\" role=\"region\" aria-roledescription=\"carousel\" aria-label=\"Bild Karussell\" dir=\"ltr\">\n\t\t\t<div class=\"elementor-image-carousel swiper-wrapper\" aria-live=\"off\">\n\t\t\t\t\t\t\t\t<div class=\"swiper-slide\" role=\"group\" aria-roledescription=\"slide\" aria-label=\"1 of 12\"><figure class=\"swiper-slide-inner\"><img decoding=\"async\" class=\"swiper-slide-image\" src=\"https:\/\/www.foerderverein-stida.de\/wp-content\/uploads\/2026\/01\/241-DSC06322-300x200.jpg\" alt=\"241-DSC06322\" \/><\/figure><\/div><div class=\"swiper-slide\" role=\"group\" aria-roledescription=\"slide\" aria-label=\"2 of 12\"><figure class=\"swiper-slide-inner\"><img decoding=\"async\" class=\"swiper-slide-image\" src=\"https:\/\/www.foerderverein-stida.de\/wp-content\/uploads\/2026\/01\/122-DSC09401-300x200.jpg\" alt=\"122-DSC09401\" \/><\/figure><\/div><div class=\"swiper-slide\" role=\"group\" aria-roledescription=\"slide\" aria-label=\"3 of 12\"><figure class=\"swiper-slide-inner\"><img decoding=\"async\" class=\"swiper-slide-image\" src=\"https:\/\/www.foerderverein-stida.de\/wp-content\/uploads\/2026\/02\/e9b35a75-0041-40f9-82f1-9209f2690295-225x300.jpg\" alt=\"e9b35a75-0041-40f9-82f1-9209f2690295\" \/><\/figure><\/div><div class=\"swiper-slide\" role=\"group\" aria-roledescription=\"slide\" aria-label=\"4 of 12\"><figure class=\"swiper-slide-inner\"><img decoding=\"async\" class=\"swiper-slide-image\" src=\"https:\/\/www.foerderverein-stida.de\/wp-content\/uploads\/2026\/02\/673D1B0F-86C6-41DB-BB75-B9EEAE2434DB-200x300.png\" alt=\"673D1B0F-86C6-41DB-BB75-B9EEAE2434DB\" \/><\/figure><\/div><div class=\"swiper-slide\" role=\"group\" aria-roledescription=\"slide\" aria-label=\"5 of 12\"><figure class=\"swiper-slide-inner\"><img decoding=\"async\" class=\"swiper-slide-image\" src=\"https:\/\/www.foerderverein-stida.de\/wp-content\/uploads\/2026\/01\/WhatsApp-Image-2024-06-14-at-16.02.44-300x226.jpeg\" alt=\"WhatsApp Image 2024-06-14 at 16.02.44\" \/><\/figure><\/div><div class=\"swiper-slide\" role=\"group\" aria-roledescription=\"slide\" aria-label=\"6 of 12\"><figure class=\"swiper-slide-inner\"><img decoding=\"async\" class=\"swiper-slide-image\" src=\"https:\/\/www.foerderverein-stida.de\/wp-content\/uploads\/2026\/02\/IMG_1970-300x234.jpeg\" alt=\"Screenshot\" \/><\/figure><\/div><div class=\"swiper-slide\" role=\"group\" aria-roledescription=\"slide\" aria-label=\"7 of 12\"><figure class=\"swiper-slide-inner\"><img decoding=\"async\" class=\"swiper-slide-image\" src=\"https:\/\/www.foerderverein-stida.de\/wp-content\/uploads\/2026\/02\/IMG_1965-208x300.jpeg\" alt=\"Screenshot\" \/><\/figure><\/div><div class=\"swiper-slide\" role=\"group\" aria-roledescription=\"slide\" aria-label=\"8 of 12\"><figure class=\"swiper-slide-inner\"><img decoding=\"async\" class=\"swiper-slide-image\" src=\"https:\/\/www.foerderverein-stida.de\/wp-content\/uploads\/2026\/02\/d4bcdc19-6954-4dbd-a07a-03951c0d6529-248x300.jpg\" alt=\"d4bcdc19-6954-4dbd-a07a-03951c0d6529\" \/><\/figure><\/div><div class=\"swiper-slide\" role=\"group\" aria-roledescription=\"slide\" aria-label=\"9 of 12\"><figure class=\"swiper-slide-inner\"><img decoding=\"async\" class=\"swiper-slide-image\" src=\"https:\/\/www.foerderverein-stida.de\/wp-content\/uploads\/2026\/02\/IMG_1955-300x225.jpg\" alt=\"IMG_1955\" \/><\/figure><\/div><div class=\"swiper-slide\" role=\"group\" aria-roledescription=\"slide\" aria-label=\"10 of 12\"><figure class=\"swiper-slide-inner\"><img decoding=\"async\" class=\"swiper-slide-image\" src=\"https:\/\/www.foerderverein-stida.de\/wp-content\/uploads\/2026\/02\/IMG_1952-225x300.jpg\" alt=\"IMG_1952\" \/><\/figure><\/div><div class=\"swiper-slide\" role=\"group\" aria-roledescription=\"slide\" aria-label=\"11 of 12\"><figure class=\"swiper-slide-inner\"><img decoding=\"async\" class=\"swiper-slide-image\" src=\"https:\/\/www.foerderverein-stida.de\/wp-content\/uploads\/2026\/02\/4b03c96f-45e0-4b96-b6ee-ae7671783914-234x300.jpeg\" alt=\"4b03c96f-45e0-4b96-b6ee-ae7671783914\" \/><\/figure><\/div><div class=\"swiper-slide\" role=\"group\" aria-roledescription=\"slide\" aria-label=\"12 of 12\"><figure class=\"swiper-slide-inner\"><img decoding=\"async\" class=\"swiper-slide-image\" src=\"https:\/\/www.foerderverein-stida.de\/wp-content\/uploads\/2026\/02\/52386ea6-5794-458d-9815-8390ca249a38-1-300x252.jpeg\" alt=\"52386ea6-5794-458d-9815-8390ca249a38\" \/><\/figure><\/div>\t\t\t<\/div>\n\t\t\t\t\t\t\t\t\t\t\t\t<div class=\"elementor-swiper-button elementor-swiper-button-prev\" role=\"button\" tabindex=\"0\">\n\t\t\t\t\t\t<svg aria-hidden=\"true\" class=\"e-font-icon-svg e-eicon-chevron-left\" viewBox=\"0 0 1000 1000\" xmlns=\"http:\/\/www.w3.org\/2000\/svg\"><path d=\"M646 125C629 125 613 133 604 142L308 442C296 454 292 471 292 487 292 504 296 521 308 533L604 854C617 867 629 875 646 875 663 875 679 871 692 858 704 846 713 829 713 812 713 796 708 779 692 767L438 487 692 225C700 217 708 204 708 187 708 171 704 154 692 142 675 129 663 125 646 125Z\"><\/path><\/svg>\t\t\t\t\t<\/div>\n\t\t\t\t\t<div class=\"elementor-swiper-button elementor-swiper-button-next\" role=\"button\" tabindex=\"0\">\n\t\t\t\t\t\t<svg aria-hidden=\"true\" class=\"e-font-icon-svg e-eicon-chevron-right\" viewBox=\"0 0 1000 1000\" xmlns=\"http:\/\/www.w3.org\/2000\/svg\"><path d=\"M696 533C708 521 713 504 713 487 713 471 708 454 696 446L400 146C388 133 375 125 354 125 338 125 325 129 313 142 300 154 292 171 292 187 292 204 296 221 308 233L563 492 304 771C292 783 288 800 288 817 288 833 296 850 308 863 321 871 338 875 354 875 371 875 388 867 400 854L696 533Z\"><\/path><\/svg>\t\t\t\t\t<\/div>\n\t\t\t\t\n\t\t\t\t\t\t\t\t\t<div class=\"swiper-pagination\"><\/div>\n\t\t\t\t\t\t\t\t\t<\/div>\n\t\t\t\t\t\t<\/div>\n\t\t\t\t\t<\/div>\n\t\t\t\t<\/div>\n\t\t<div class=\"elementor-element elementor-element-6210bea e-flex e-con-boxed e-con e-parent\" data-id=\"6210bea\" data-element_type=\"container\" data-e-type=\"container\">\n\t\t\t\t\t<div class=\"e-con-inner\">\n\t\t<div class=\"elementor-element elementor-element-5bddde9 e-con-full e-flex e-con e-child\" data-id=\"5bddde9\" data-element_type=\"container\" data-e-type=\"container\">\n\t\t\t\t<div class=\"elementor-element elementor-element-4d24409 elementor-widget elementor-widget-heading\" data-id=\"4d24409\" data-element_type=\"widget\" data-e-type=\"widget\" data-widget_type=\"heading.default\">\n\t\t\t\t\t<h2 class=\"elementor-heading-title elementor-size-default\">Mitglied werden<\/h2>\t\t\t\t<\/div>\n\t\t\t\t<div class=\"elementor-element elementor-element-a10139e elementor-widget elementor-widget-text-editor\" data-id=\"a10139e\" data-element_type=\"widget\" data-e-type=\"widget\" data-widget_type=\"text-editor.default\">\n\t\t\t\t\t\t\t\t\t<p>Sie m\u00f6chten unsere Arbeit unterst\u00fctzen?<br \/><br \/>Mitglied im F\u00f6rderverein kann jede nat\u00fcrliche oder juristische Person werden, die unsere Ziele unterst\u00fctzt.<br \/><br \/><strong>So einfach gehts: <\/strong>Auf den &#8220;jetzt Mitglied werden&#8221; Button dr\u00fccken und Formular online ausf\u00fcllen, fertig!<\/p>\t\t\t\t\t\t\t\t<\/div>\n\t\t\t\t<\/div>\n\t\t<div class=\"elementor-element elementor-element-521faa7 e-con-full e-flex e-con e-child\" data-id=\"521faa7\" data-element_type=\"container\" data-e-type=\"container\">\n\t\t\t\t<div class=\"elementor-element elementor-element-2cb6520 elementor-align-left elementor-tablet-align-center elementor-mobile-align-center elementor-widget elementor-widget-button\" data-id=\"2cb6520\" data-element_type=\"widget\" data-e-type=\"widget\" data-widget_type=\"button.default\">\n\t\t\t\t\t\t\t\t\t\t<a class=\"elementor-button elementor-button-link elementor-size-sm\" href=\"https:\/\/forms.office.com\/e\/2EndE9ypks\" target=\"_blank\">\n\t\t\t\t\t\t<span class=\"elementor-button-content-wrapper\">\n\t\t\t\t\t\t<span class=\"elementor-button-icon\">\n\t\t\t\t<svg aria-hidden=\"true\" class=\"e-font-icon-svg e-fas-child\" viewBox=\"0 0 384 512\" xmlns=\"http:\/\/www.w3.org\/2000\/svg\"><path d=\"M120 72c0-39.765 32.235-72 72-72s72 32.235 72 72c0 39.764-32.235 72-72 72s-72-32.236-72-72zm254.627 1.373c-12.496-12.497-32.758-12.497-45.254 0L242.745 160H141.254L54.627 73.373c-12.496-12.497-32.758-12.497-45.254 0-12.497 12.497-12.497 32.758 0 45.255L104 213.254V480c0 17.673 14.327 32 32 32h16c17.673 0 32-14.327 32-32V368h16v112c0 17.673 14.327 32 32 32h16c17.673 0 32-14.327 32-32V213.254l94.627-94.627c12.497-12.497 12.497-32.757 0-45.254z\"><\/path><\/svg>\t\t\t<\/span>\n\t\t\t\t\t\t\t\t\t<span class=\"elementor-button-text\">jetzt Mitglied werden<\/span>\n\t\t\t\t\t<\/span>\n\t\t\t\t\t<\/a>\n\t\t\t\t\t\t\t\t<\/div>\n\t\t\t\t<\/div>\n\t\t\t\t\t<\/div>\n\t\t\t\t<\/div>\n\t\t\t\t<\/div>\n\t\t","protected":false},"excerpt":{"rendered":"<p>F\u00f6rderverein der Kath.Kindertageseinrichtung St. Ida Ihr Engagement f\u00fcr unseren Kindergarten \u00dcber uns Der F\u00f6rderverein der Katholischen Kindertageseinrichtung St. Ida M\u00fcnster [&hellip;]<\/p>\n","protected":false},"author":1,"featured_media":0,"parent":0,"menu_order":0,"comment_status":"closed","ping_status":"closed","template":"","meta":{"site-sidebar-layout":"no-sidebar","site-content-layout":"","ast-site-content-layout":"full-width-container","site-content-style":"default","site-sidebar-style":"default","ast-global-header-display":"","ast-banner-title-visibility":"","ast-main-header-display":"","ast-hfb-above-header-display":"","ast-hfb-below-header-display":"","ast-hfb-mobile-header-display":"","site-post-title":"disabled","ast-breadcrumbs-content":"","ast-featured-img":"disabled","footer-sml-layout":"","theme-transparent-header-meta":"","adv-header-id-meta":"","stick-header-meta":"","header-above-stick-meta":"","header-main-stick-meta":"","header-below-stick-meta":"","astra-migrate-meta-layouts":"default","ast-page-background-enabled":"default","ast-page-background-meta":{"desktop":{"background-color":"var(--ast-global-color-5)","background-image":"","background-repeat":"repeat","background-position":"center center","background-size":"auto","background-attachment":"scroll","background-type":"","background-media":"","overlay-type":"","overlay-color":"","overlay-opacity":"","overlay-gradient":""},"tablet":{"background-color":"","background-image":"","background-repeat":"repeat","background-position":"center center","background-size":"auto","background-attachment":"scroll","background-type":"","background-media":"","overlay-type":"","overlay-color":"","overlay-opacity":"","overlay-gradient":""},"mobile":{"background-color":"","background-image":"","background-repeat":"repeat","background-position":"center center","background-size":"auto","background-attachment":"scroll","background-type":"","background-media":"","overlay-type":"","overlay-color":"","overlay-opacity":"","overlay-gradient":""}},"ast-content-background-meta":{"desktop":{"background-color":"var(--ast-global-color-4)","background-image":"","background-repeat":"repeat","background-position":"center center","background-size":"auto","background-attachment":"scroll","background-type":"","background-media":"","overlay-type":"","overlay-color":"","overlay-opacity":"","overlay-gradient":""},"tablet":{"background-color":"var(--ast-global-color-4)","background-image":"","background-repeat":"repeat","background-position":"center center","background-size":"auto","background-attachment":"scroll","background-type":"","background-media":"","overlay-type":"","overlay-color":"","overlay-opacity":"","overlay-gradient":""},"mobile":{"background-color":"var(--ast-global-color-4)","background-image":"","background-repeat":"repeat","background-position":"center center","background-size":"auto","background-attachment":"scroll","background-type":"","background-media":"","overlay-type":"","overlay-color":"","overlay-opacity":"","overlay-gradient":""}},"footnotes":""},"class_list":["post-11","page","type-page","status-publish","hentry"],"_links":{"self":[{"href":"https:\/\/www.foerderverein-stida.de\/index.php?rest_route=\/wp\/v2\/pages\/11","targetHints":{"allow":["GET"]}}],"collection":[{"href":"https:\/\/www.foerderverein-stida.de\/index.php?rest_route=\/wp\/v2\/pages"}],"about":[{"href":"https:\/\/www.foerderverein-stida.de\/index.php?rest_route=\/wp\/v2\/types\/page"}],"author":[{"embeddable":true,"href":"https:\/\/www.foerderverein-stida.de\/index.php?rest_route=\/wp\/v2\/users\/1"}],"replies":[{"embeddable":true,"href":"https:\/\/www.foerderverein-stida.de\/index.php?rest_route=%2Fwp%2Fv2%2Fcomments&post=11"}],"version-history":[{"count":51,"href":"https:\/\/www.foerderverein-stida.de\/index.php?rest_route=\/wp\/v2\/pages\/11\/revisions"}],"predecessor-version":[{"id":177,"href":"https:\/\/www.foerderverein-stida.de\/index.php?rest_route=\/wp\/v2\/pages\/11\/revisions\/177"}],"wp:attachment":[{"href":"https:\/\/www.foerderverein-stida.de\/index.php?rest_route=%2Fwp%2Fv2%2Fmedia&parent=11"}],"curies":[{"name":"wp","href":"https:\/\/api.w.org\/{rel}","templated":true}]}}