{"id":88,"date":"2025-12-13T23:09:42","date_gmt":"2025-12-13T22:09:42","guid":{"rendered":"https:\/\/www.foerderverein-stida.de\/?page_id=88"},"modified":"2026-01-13T15:11:06","modified_gmt":"2026-01-13T14:11:06","slug":"datenschutzerklaerung","status":"publish","type":"page","link":"https:\/\/www.foerderverein-stida.de\/?page_id=88","title":{"rendered":"Datenschutzerkl\u00e4rung"},"content":{"rendered":"\t\t<div data-elementor-type=\"wp-page\" data-elementor-id=\"88\" class=\"elementor elementor-88\">\n\t\t\t\t<div class=\"elementor-element elementor-element-273928c e-con-full e-flex e-con e-parent\" data-id=\"273928c\" data-element_type=\"container\" data-e-type=\"container\" data-settings=\"{&quot;background_background&quot;:&quot;classic&quot;}\">\n\t\t\t\t<div class=\"elementor-element elementor-element-2a65121 elementor-widget elementor-widget-heading\" data-id=\"2a65121\" data-element_type=\"widget\" data-e-type=\"widget\" data-widget_type=\"heading.default\">\n\t\t\t\t\t<h1 class=\"elementor-heading-title elementor-size-default\"><div><span style=\"font-style: inherit\">F\u00f6rderverein <\/span><span style=\"font-style: inherit\">der Kath.<\/span><br><\/div><div><span style=\"font-style: inherit\">Kindertageseinrichtung <\/span><span style=\"font-style: inherit\">St. Ida<\/span><span style=\"font-family: var( --e-global-typography-0090e13-font-family ), Sans-serif;font-size: var( --e-global-typography-0090e13-font-size );font-style: inherit;font-weight: var( --e-global-typography-0090e13-font-weight );letter-spacing: var( --e-global-typography-0090e13-letter-spacing )\"><\/span><\/div><\/h1>\t\t\t\t<\/div>\n\t\t\t\t<div class=\"elementor-element elementor-element-bc93617 elementor-widget elementor-widget-heading\" data-id=\"bc93617\" data-element_type=\"widget\" data-e-type=\"widget\" data-widget_type=\"heading.default\">\n\t\t\t\t\t<h2 class=\"elementor-heading-title elementor-size-default\">Ihr Engagement f\u00fcr unseren Kindergarten<\/h2>\t\t\t\t<\/div>\n\t\t\t\t<\/div>\n\t\t<div class=\"elementor-element elementor-element-9837d48 e-flex e-con-boxed e-con e-parent\" data-id=\"9837d48\" data-element_type=\"container\" data-e-type=\"container\">\n\t\t\t\t\t<div class=\"e-con-inner\">\n\t\t<div class=\"elementor-element elementor-element-eb0ceab e-con-full e-flex e-con e-child\" data-id=\"eb0ceab\" data-element_type=\"container\" data-e-type=\"container\">\n\t\t\t\t<div class=\"elementor-element elementor-element-0cc8b40 elementor-widget elementor-widget-heading\" data-id=\"0cc8b40\" data-element_type=\"widget\" data-e-type=\"widget\" data-widget_type=\"heading.default\">\n\t\t\t\t\t<h2 class=\"elementor-heading-title elementor-size-default\">Datenschutzerkl\u00e4rung<\/h2>\t\t\t\t<\/div>\n\t\t\t\t<div class=\"elementor-element elementor-element-93f567f elementor-widget elementor-widget-text-editor\" data-id=\"93f567f\" data-element_type=\"widget\" data-e-type=\"widget\" data-widget_type=\"text-editor.default\">\n\t\t\t\t\t\t\t\t\t<section><p>Wir, der F\u00f6rderverein der Kath. Kindertageseinrichtung St. Ida M\u00fcnster e.V., nehmen den Schutz Ihrer personenbezogenen Daten sehr ernst. Nachfolgend informieren wir Sie gem\u00e4\u00df Art. 13 DSGVO \u00fcber die Verarbeitung Ihrer Daten.<\/p><\/section><section><h3>Verantwortlicher<\/h3><p>F\u00f6rderverein der Kath. Kindertageseinrichtung St. Ida M\u00fcnster e.V.<br \/>Nachtigallenweg 19, 48167 M\u00fcnster<br \/>E-Mail: mail@foerderverein-stida.de<\/p><p>\u00a0<\/p><\/section><h3>Verarbeitete Daten<\/h3><ul><li>Name, Vorname<\/li><li>Adresse<\/li><li>Telefonnummer, E-Mail-Adresse<\/li><li>Bankdaten (IBAN, BIC)<\/li><li>Mitgliedsbeitrag<\/li><li>Name des Kindes\/der Kinder und Gruppe<\/li><\/ul><p>\u00a0<\/p><h3>Zweck der Verarbeitung<\/h3><section><p>Die Daten werden ausschlie\u00dflich zur Mitgliederverwaltung, Beitragserhebung und Ausstellung von Spendenbescheinigungen verarbeitet.<br \/><br \/><\/p><\/section><section><h3>Rechtsgrundlage<\/h3><p>Art. 6 Abs. 1 lit. b DSGVO (Vertragserf\u00fcllung), Art. 6 Abs. 1 lit. c DSGVO (gesetzliche Pflichten).<br \/><br \/><\/p><\/section><section><h3>Speicherdauer<\/h3><p>Die Daten werden f\u00fcr die Dauer der Mitgliedschaft und gem\u00e4\u00df gesetzlicher Aufbewahrungsfristen (z.\u202fB. 10 Jahre f\u00fcr steuerrelevante Unterlagen) gespeichert.<br \/><br \/><\/p><\/section><section><h3>Ihre Rechte<\/h3><p>Sie haben das Recht auf Auskunft, Berichtigung, L\u00f6schung, Einschr\u00e4nkung der Verarbeitung sowie Daten\u00fcbertragbarkeit. Beschwerden k\u00f6nnen Sie an die zust\u00e4ndige Datenschutzaufsichtsbeh\u00f6rde richten.<br \/><br \/><\/p><\/section><section><h3>Kontakt Datenschutz<\/h3><p>datenschutz@foerderverein-stida.de<\/p><\/section>\t\t\t\t\t\t\t\t<\/div>\n\t\t\t\t<\/div>\n\t\t\t\t\t<\/div>\n\t\t\t\t<\/div>\n\t\t\t\t<\/div>\n\t\t","protected":false},"excerpt":{"rendered":"<p>F\u00f6rderverein der Kath.Kindertageseinrichtung St. Ida Ihr Engagement f\u00fcr unseren Kindergarten Datenschutzerkl\u00e4rung Wir, der F\u00f6rderverein der Kath. Kindertageseinrichtung St. Ida M\u00fcnster [&hellip;]<\/p>\n","protected":false},"author":1,"featured_media":0,"parent":0,"menu_order":0,"comment_status":"closed","ping_status":"closed","template":"","meta":{"site-sidebar-layout":"no-sidebar","site-content-layout":"","ast-site-content-layout":"full-width-container","site-content-style":"default","site-sidebar-style":"default","ast-global-header-display":"","ast-banner-title-visibility":"","ast-main-header-display":"","ast-hfb-above-header-display":"","ast-hfb-below-header-display":"","ast-hfb-mobile-header-display":"","site-post-title":"disabled","ast-breadcrumbs-content":"","ast-featured-img":"disabled","footer-sml-layout":"","theme-transparent-header-meta":"","adv-header-id-meta":"","stick-header-meta":"","header-above-stick-meta":"","header-main-stick-meta":"","header-below-stick-meta":"","astra-migrate-meta-layouts":"default","ast-page-background-enabled":"default","ast-page-background-meta":{"desktop":{"background-color":"var(--ast-global-color-5)","background-image":"","background-repeat":"repeat","background-position":"center center","background-size":"auto","background-attachment":"scroll","background-type":"","background-media":"","overlay-type":"","overlay-color":"","overlay-opacity":"","overlay-gradient":""},"tablet":{"background-color":"","background-image":"","background-repeat":"repeat","background-position":"center center","background-size":"auto","background-attachment":"scroll","background-type":"","background-media":"","overlay-type":"","overlay-color":"","overlay-opacity":"","overlay-gradient":""},"mobile":{"background-color":"","background-image":"","background-repeat":"repeat","background-position":"center center","background-size":"auto","background-attachment":"scroll","background-type":"","background-media":"","overlay-type":"","overlay-color":"","overlay-opacity":"","overlay-gradient":""}},"ast-content-background-meta":{"desktop":{"background-color":"var(--ast-global-color-4)","background-image":"","background-repeat":"repeat","background-position":"center center","background-size":"auto","background-attachment":"scroll","background-type":"","background-media":"","overlay-type":"","overlay-color":"","overlay-opacity":"","overlay-gradient":""},"tablet":{"background-color":"var(--ast-global-color-4)","background-image":"","background-repeat":"repeat","background-position":"center center","background-size":"auto","background-attachment":"scroll","background-type":"","background-media":"","overlay-type":"","overlay-color":"","overlay-opacity":"","overlay-gradient":""},"mobile":{"background-color":"var(--ast-global-color-4)","background-image":"","background-repeat":"repeat","background-position":"center center","background-size":"auto","background-attachment":"scroll","background-type":"","background-media":"","overlay-type":"","overlay-color":"","overlay-opacity":"","overlay-gradient":""}},"footnotes":""},"class_list":["post-88","page","type-page","status-publish","hentry"],"_links":{"self":[{"href":"https:\/\/www.foerderverein-stida.de\/index.php?rest_route=\/wp\/v2\/pages\/88","targetHints":{"allow":["GET"]}}],"collection":[{"href":"https:\/\/www.foerderverein-stida.de\/index.php?rest_route=\/wp\/v2\/pages"}],"about":[{"href":"https:\/\/www.foerderverein-stida.de\/index.php?rest_route=\/wp\/v2\/types\/page"}],"author":[{"embeddable":true,"href":"https:\/\/www.foerderverein-stida.de\/index.php?rest_route=\/wp\/v2\/users\/1"}],"replies":[{"embeddable":true,"href":"https:\/\/www.foerderverein-stida.de\/index.php?rest_route=%2Fwp%2Fv2%2Fcomments&post=88"}],"version-history":[{"count":6,"href":"https:\/\/www.foerderverein-stida.de\/index.php?rest_route=\/wp\/v2\/pages\/88\/revisions"}],"predecessor-version":[{"id":96,"href":"https:\/\/www.foerderverein-stida.de\/index.php?rest_route=\/wp\/v2\/pages\/88\/revisions\/96"}],"wp:attachment":[{"href":"https:\/\/www.foerderverein-stida.de\/index.php?rest_route=%2Fwp%2Fv2%2Fmedia&parent=88"}],"curies":[{"name":"wp","href":"https:\/\/api.w.org\/{rel}","templated":true}]}}